{"id":694,"date":"2018-05-11T13:58:52","date_gmt":"2018-05-11T11:58:52","guid":{"rendered":"http:\/\/www.spaonehour.com\/?page_id=694"},"modified":"2020-02-27T11:16:04","modified_gmt":"2020-02-27T10:16:04","slug":"safetyequipment","status":"publish","type":"page","link":"https:\/\/www.spaonehour.com\/index.php\/safetyequipment\/","title":{"rendered":"Safety Equipment"},"content":{"rendered":"<div id=\"pl-694\"  class=\"panel-layout\" ><div id=\"pg-694-0\"  class=\"panel-grid panel-no-style\" ><div id=\"pgc-694-0-0\"  class=\"panel-grid-cell\" ><div id=\"panel-694-0-0-0\" class=\"so-panel widget widget_sow-editor panel-first-child\" data-index=\"0\" ><div class=\"so-widget-sow-editor so-widget-sow-editor-base\">\n<div class=\"siteorigin-widget-tinymce textwidget\">\n\t<p><em><strong>English.<\/strong><\/em><\/p>\n<\/div>\n<\/div><\/div><div id=\"panel-694-0-0-1\" class=\"so-panel widget widget_sow-editor\" data-index=\"1\" ><div class=\"so-widget-sow-editor so-widget-sow-editor-base\">\n<div class=\"siteorigin-widget-tinymce textwidget\">\n\t<pre><a href=\"http:\/\/www.spaonehour.com\/wp-content\/uploads\/2020\/02\/Safety_Appendix_K_2020-GB.pdf\" target=\"_blank\" rel=\"noopener\">Download the Mandatory Safety Equipment as a PDF - 7 Pages.<\/a><\/pre>\n<\/div>\n<\/div><\/div><div id=\"panel-694-0-0-2\" class=\"so-panel widget widget_sow-image panel-last-child\" data-index=\"2\" ><div class=\"so-widget-sow-image so-widget-sow-image-default-454c8732248b\">\n\n<div class=\"sow-image-container\">\n<a href=\"http:\/\/www.spaonehour.com\/wp-content\/uploads\/2020\/02\/Safety_Appendix_K_2020-GB.pdf\" target=\"_blank\" rel=\"noopener noreferrer\" >\t<img src=\"https:\/\/www.spaonehour.com\/wp-content\/uploads\/2020\/02\/Clic-download-one-hour.jpg\" width=\"595\" height=\"842\" srcset=\"https:\/\/www.spaonehour.com\/wp-content\/uploads\/2020\/02\/Clic-download-one-hour.jpg 595w, https:\/\/www.spaonehour.com\/wp-content\/uploads\/2020\/02\/Clic-download-one-hour-212x300.jpg 212w\" sizes=\"(max-width: 595px) 100vw, 595px\" title=\"Clic download one hour\" alt=\"\" \t\tclass=\"so-widget-image\"\/>\n<\/a><\/div>\n\n<\/div><\/div><\/div><div id=\"pgc-694-0-1\"  class=\"panel-grid-cell\" ><div id=\"panel-694-0-1-0\" class=\"so-panel widget widget_sow-editor panel-first-child\" data-index=\"3\" ><div class=\"so-widget-sow-editor so-widget-sow-editor-base\">\n<div class=\"siteorigin-widget-tinymce textwidget\">\n\t<p><em><strong>Fran\u00e7ais.<\/strong><\/em><\/p>\n<\/div>\n<\/div><\/div><div id=\"panel-694-0-1-1\" class=\"so-panel widget widget_sow-editor\" data-index=\"4\" ><div class=\"so-widget-sow-editor so-widget-sow-editor-base\">\n<div class=\"siteorigin-widget-tinymce textwidget\">\n\t<pre><a href=\"http:\/\/www.spaonehour.com\/wp-content\/uploads\/2020\/02\/saferty-fr.pdf\" target=\"_blank\" rel=\"noopener\">T\u00e9l\u00e9charger \"Equipement obligatoire de s\u00e9curit\u00e9\" en PDF - 7 pages.<\/a><\/pre>\n<\/div>\n<\/div><\/div><div id=\"panel-694-0-1-2\" class=\"so-panel widget widget_sow-image panel-last-child\" data-index=\"5\" ><div class=\"so-widget-sow-image so-widget-sow-image-default-454c8732248b\">\n\n<div class=\"sow-image-container\">\n<a href=\"http:\/\/www.spaonehour.com\/wp-content\/uploads\/2020\/02\/saferty-fr.pdf\" target=\"_blank\" rel=\"noopener noreferrer\" >\t<img src=\"https:\/\/www.spaonehour.com\/wp-content\/uploads\/2020\/02\/cliquer-1H.jpg\" width=\"595\" height=\"842\" srcset=\"https:\/\/www.spaonehour.com\/wp-content\/uploads\/2020\/02\/cliquer-1H.jpg 595w, https:\/\/www.spaonehour.com\/wp-content\/uploads\/2020\/02\/cliquer-1H-212x300.jpg 212w\" sizes=\"(max-width: 595px) 100vw, 595px\" title=\"cliquer 1H\" alt=\"\" \t\tclass=\"so-widget-image\"\/>\n<\/a><\/div>\n\n<\/div><\/div><\/div><\/div><div id=\"pg-694-1\"  class=\"panel-grid panel-no-style\" ><div id=\"pgc-694-1-0\"  class=\"panel-grid-cell\" ><div id=\"panel-694-1-0-0\" class=\"so-panel widget widget_sow-editor panel-first-child panel-last-child\" data-index=\"6\" ><div class=\"so-widget-sow-editor so-widget-sow-editor-base\">\n<div class=\"siteorigin-widget-tinymce textwidget\">\n\t<hr \/><\/div>\n<\/div><\/div><\/div><\/div><div id=\"pg-694-2\"  class=\"panel-grid panel-no-style\" ><div id=\"pgc-694-2-0\"  class=\"panel-grid-cell panel-grid-cell-empty\" ><\/div><div id=\"pgc-694-2-1\"  class=\"panel-grid-cell panel-grid-cell-mobile-last\" ><div id=\"panel-694-2-1-0\" class=\"so-panel widget widget_sow-editor panel-first-child\" data-index=\"7\" ><div class=\"so-widget-sow-editor so-widget-sow-editor-base\">\n<div class=\"siteorigin-widget-tinymce textwidget\">\n\t<div id=\"panel-2-4-1-0\" class=\"so-panel widget widget_sow-editor panel-first-child\" data-index=\"4\">\n<div class=\"so-widget-sow-editor so-widget-sow-editor-base\">\n<div class=\"siteorigin-widget-tinymce textwidget\">\n<h5 style=\"text-align: center;\"><em>The Barry Sideways Spa One Hour is part of the<\/em><\/h5>\n<\/div>\n<\/div>\n<\/div>\n<\/div>\n<\/div><\/div><div id=\"panel-694-2-1-1\" class=\"so-panel widget widget_sow-image panel-last-child\" data-index=\"8\" ><div class=\"so-widget-sow-image so-widget-sow-image-default-454c8732248b\">\n\n<div class=\"sow-image-container\">\n<a href=\"http:\/\/www.spahattrick.com\" target=\"_blank\" rel=\"noopener noreferrer\" >\t<img src=\"https:\/\/www.spaonehour.com\/wp-content\/uploads\/2020\/02\/spahattrick.jpg\" width=\"275\" height=\"94\" srcset=\"https:\/\/www.spaonehour.com\/wp-content\/uploads\/2020\/02\/spahattrick.jpg 275w, https:\/\/www.spaonehour.com\/wp-content\/uploads\/2020\/02\/spahattrick-272x94.jpg 272w\" sizes=\"(max-width: 275px) 100vw, 275px\" title=\"Logo &#8211; Spa HatTrick + CSF\" alt=\"\" \t\tclass=\"so-widget-image\"\/>\n<\/a><\/div>\n\n<\/div><\/div><\/div><div id=\"pgc-694-2-2\"  class=\"panel-grid-cell panel-grid-cell-empty\" ><\/div><\/div><\/div>","protected":false},"excerpt":{"rendered":"<p>English. Download the Mandatory Safety Equipment as a PDF &#8211; 7 Pages. Fran\u00e7ais. T\u00e9l\u00e9charger &#8220;Equipement obligatoire de s\u00e9curit\u00e9&#8221; en PDF &#8211; 7 pages.<\/p>\n","protected":false},"author":1,"featured_media":0,"parent":0,"menu_order":0,"comment_status":"closed","ping_status":"closed","template":"page-fullwidth.php","meta":[],"_links":{"self":[{"href":"https:\/\/www.spaonehour.com\/index.php\/wp-json\/wp\/v2\/pages\/694"}],"collection":[{"href":"https:\/\/www.spaonehour.com\/index.php\/wp-json\/wp\/v2\/pages"}],"about":[{"href":"https:\/\/www.spaonehour.com\/index.php\/wp-json\/wp\/v2\/types\/page"}],"author":[{"embeddable":true,"href":"https:\/\/www.spaonehour.com\/index.php\/wp-json\/wp\/v2\/users\/1"}],"replies":[{"embeddable":true,"href":"https:\/\/www.spaonehour.com\/index.php\/wp-json\/wp\/v2\/comments?post=694"}],"version-history":[{"count":50,"href":"https:\/\/www.spaonehour.com\/index.php\/wp-json\/wp\/v2\/pages\/694\/revisions"}],"predecessor-version":[{"id":1259,"href":"https:\/\/www.spaonehour.com\/index.php\/wp-json\/wp\/v2\/pages\/694\/revisions\/1259"}],"wp:attachment":[{"href":"https:\/\/www.spaonehour.com\/index.php\/wp-json\/wp\/v2\/media?parent=694"}],"curies":[{"name":"wp","href":"https:\/\/api.w.org\/{rel}","templated":true}]}}